{"id":961,"date":"2016-07-15T14:21:20","date_gmt":"2016-07-15T14:21:20","guid":{"rendered":"http:\/\/test.kriesi.at\/enfold-medical\/?page_id=961"},"modified":"2021-05-27T10:35:31","modified_gmt":"2021-05-27T08:35:31","slug":"produkt","status":"publish","type":"page","link":"https:\/\/www.krucom.com\/web\/index.php\/produkt\/","title":{"rendered":"Produkt"},"content":{"rendered":"<div id='av-layout-grid-1'  class='av-layout-grid-container av-av_layout_row-cfe0127874d520b47ed9ff4fcd0165de entry-content-wrapper main_color av-flex-cells  avia-builder-el-0  el_before_av_layout_row  avia-builder-el-first   container_wrap sidebar_right'  >\n\n<style type=\"text\/css\" data-created_by=\"avia_inline_auto\" id=\"style-css-av-av_cell_one_fifth-075a21a2ab1bc7b03d99b0b2072c0c32\">\n.flex_cell.av-av_cell_one_fifth-075a21a2ab1bc7b03d99b0b2072c0c32{\nvertical-align:middle;\nbackground-color:#f4f4f4;\n}\n.responsive #top #wrap_all .flex_cell.av-av_cell_one_fifth-075a21a2ab1bc7b03d99b0b2072c0c32{\npadding:0px 0px 0px 0px !important;\n}\n<\/style>\n<div class='flex_cell av-av_cell_one_fifth-075a21a2ab1bc7b03d99b0b2072c0c32 av-gridrow-cell av_one_fifth no_margin  avia-builder-el-1  el_before_av_cell_three_fifth  avia-builder-el-first  content-align-middle av-zero-padding avia-full-stretch'  ><div class='flex_cell_inner'><\/div><\/div>\n<style type=\"text\/css\" data-created_by=\"avia_inline_auto\" id=\"style-css-av-av_cell_three_fifth-ebc1c7c8ea73900bd9be6435c7a96df6\">\n.flex_cell.av-av_cell_three_fifth-ebc1c7c8ea73900bd9be6435c7a96df6{\nvertical-align:top;\n}\n.responsive #top #wrap_all .flex_cell.av-av_cell_three_fifth-ebc1c7c8ea73900bd9be6435c7a96df6{\npadding:100px 120px 20px 120px !important;\n}\n<\/style>\n<div class='flex_cell av-av_cell_three_fifth-ebc1c7c8ea73900bd9be6435c7a96df6 av-gridrow-cell av_three_fifth no_margin  avia-builder-el-2  el_after_av_cell_one_fifth  el_before_av_cell_one_fifth  content-align-top avia-full-stretch'  ><div class='flex_cell_inner'><p>\n<style type=\"text\/css\" data-created_by=\"avia_inline_auto\" id=\"style-css-av-av_textblock-db5dde9675208a83c8a349965dacba38\">\n#top .av_textblock_section.av-av_textblock-db5dde9675208a83c8a349965dacba38 .avia_textblock{\nfont-size:16px;\ncolor:#000000;\n}\n<\/style>\n<section  class='av_textblock_section av-av_textblock-db5dde9675208a83c8a349965dacba38 '   itemscope=\"itemscope\" itemtype=\"https:\/\/schema.org\/CreativeWork\" ><div class='avia_textblock av_inherit_color'  itemprop=\"text\" ><p><strong>X-Tray \u00e4r en helhetsl\u00f6sning<\/strong> som knyter ihop IT-system och medicinska bildsystem. Syftet \u00e4r att skapa en tillf\u00f6rlitlig koppling mellan patient och bild. X-Tray st\u00f6djer\u00a0 IT och medicinska kommunikationsgr\u00e4nssnitt inom sjukv\u00e5rden \u2013 alltifr\u00e5n en klinik med en enskild utrustning till ett landstings\u00f6vergripande system.<\/p>\n<\/div><\/section><br \/>\n\n<style type=\"text\/css\" data-created_by=\"avia_inline_auto\" id=\"style-css-av-av_heading-81baa01043c5f97137abaedb00e44bf8\">\n#top .av-special-heading.av-av_heading-81baa01043c5f97137abaedb00e44bf8{\npadding-bottom:10px;\ncolor:#000000;\nfont-size:34px;\n}\nbody .av-special-heading.av-av_heading-81baa01043c5f97137abaedb00e44bf8 .av-special-heading-tag .heading-char{\nfont-size:25px;\n}\n#top #wrap_all .av-special-heading.av-av_heading-81baa01043c5f97137abaedb00e44bf8 .av-special-heading-tag{\nfont-size:34px;\n}\n.av-special-heading.av-av_heading-81baa01043c5f97137abaedb00e44bf8 .special-heading-inner-border{\nborder-color:#000000;\n}\n.av-special-heading.av-av_heading-81baa01043c5f97137abaedb00e44bf8 .av-subheading{\nfont-size:15px;\n}\n\n@media only screen and (min-width: 480px) and (max-width: 767px){ \n#top #wrap_all .av-special-heading.av-av_heading-81baa01043c5f97137abaedb00e44bf8 .av-special-heading-tag{\nfont-size:0.8em;\n}\n}\n\n@media only screen and (max-width: 479px){ \n#top #wrap_all .av-special-heading.av-av_heading-81baa01043c5f97137abaedb00e44bf8 .av-special-heading-tag{\nfont-size:0.8em;\n}\n}\n<\/style>\n<div  class='av-special-heading av-av_heading-81baa01043c5f97137abaedb00e44bf8 av-special-heading-h3 custom-color-heading blockquote modern-quote  avia-builder-el-4  el_after_av_textblock  el_before_av_image  av-inherit-size'><div class='av_custom_color av-subheading av-subheading_above'><p>Healthcare workflow manager<\/p>\n<\/div><h3 class='av-special-heading-tag '  itemprop=\"headline\"  >X-Tray<\/h3><div class=\"special-heading-border\"><div class=\"special-heading-inner-border\"><\/div><\/div><\/div><br \/>\n\n<style type=\"text\/css\" data-created_by=\"avia_inline_auto\" id=\"style-css-av-av_image-2d423597181f4854dac213983ec360ad\">\n.avia-image-container.av-av_image-2d423597181f4854dac213983ec360ad img.avia_image{\nbox-shadow:none;\n}\n.avia-image-container.av-av_image-2d423597181f4854dac213983ec360ad .av-image-caption-overlay-center{\ncolor:#ffffff;\n}\n<\/style>\n<div  class='avia-image-container av-av_image-2d423597181f4854dac213983ec360ad av-styling- avia-align-center  avia-builder-el-5  el_after_av_heading  avia-builder-el-last '   itemprop=\"image\" itemscope=\"itemscope\" itemtype=\"https:\/\/schema.org\/ImageObject\" ><div class=\"avia-image-container-inner\"><div class=\"avia-image-overlay-wrap\"><img decoding=\"async\" fetchpriority=\"high\" class='wp-image-1607 avia-img-lazy-loading-not-1607 avia_image ' src=\"https:\/\/www.krucom.com\/web\/wp-content\/uploads\/2016\/07\/Figur650-e1505377104532.png\" alt='Krucom X-Tray' title='Krucom X-Tray'  height=\"374\" width=\"370\"  itemprop=\"thumbnailUrl\"  \/><\/div><\/div><\/div><\/p>\n<\/div><\/div>\n<style type=\"text\/css\" data-created_by=\"avia_inline_auto\" id=\"style-css-av-av_cell_one_fifth-bcc9fe901664b2e03bf04a3e4b0a2ee7\">\n.flex_cell.av-av_cell_one_fifth-bcc9fe901664b2e03bf04a3e4b0a2ee7{\nvertical-align:top;\nbackground-color:#ededed;\n}\n.responsive #top #wrap_all .flex_cell.av-av_cell_one_fifth-bcc9fe901664b2e03bf04a3e4b0a2ee7{\npadding:80px 20px 20px 20px !important;\n}\n<\/style>\n<div class='flex_cell av-av_cell_one_fifth-bcc9fe901664b2e03bf04a3e4b0a2ee7 av-gridrow-cell av_one_fifth no_margin  avia-builder-el-6  el_after_av_cell_three_fifth  avia-builder-el-last  content-align-top'  ><div class='flex_cell_inner'><p>\n<style type=\"text\/css\" data-created_by=\"avia_inline_auto\" id=\"style-css-av-av_heading-81baa01043c5f97137abaedb00e44bf8\">\n#top .av-special-heading.av-av_heading-81baa01043c5f97137abaedb00e44bf8{\npadding-bottom:10px;\ncolor:#000000;\nfont-size:34px;\n}\nbody .av-special-heading.av-av_heading-81baa01043c5f97137abaedb00e44bf8 .av-special-heading-tag .heading-char{\nfont-size:25px;\n}\n#top #wrap_all .av-special-heading.av-av_heading-81baa01043c5f97137abaedb00e44bf8 .av-special-heading-tag{\nfont-size:34px;\n}\n.av-special-heading.av-av_heading-81baa01043c5f97137abaedb00e44bf8 .special-heading-inner-border{\nborder-color:#000000;\n}\n.av-special-heading.av-av_heading-81baa01043c5f97137abaedb00e44bf8 .av-subheading{\nfont-size:15px;\n}\n\n@media only screen and (min-width: 480px) and (max-width: 767px){ \n#top #wrap_all .av-special-heading.av-av_heading-81baa01043c5f97137abaedb00e44bf8 .av-special-heading-tag{\nfont-size:0.8em;\n}\n}\n\n@media only screen and (max-width: 479px){ \n#top #wrap_all .av-special-heading.av-av_heading-81baa01043c5f97137abaedb00e44bf8 .av-special-heading-tag{\nfont-size:0.8em;\n}\n}\n<\/style>\n<div  class='av-special-heading av-av_heading-81baa01043c5f97137abaedb00e44bf8 av-special-heading-h3 custom-color-heading blockquote modern-quote  avia-builder-el-7  el_before_av_textblock  avia-builder-el-first  av-inherit-size'><div class='av_custom_color av-subheading av-subheading_above'><p>Resurser<\/p>\n<\/div><h3 class='av-special-heading-tag '  itemprop=\"headline\"  >X-Tray<\/h3><div class=\"special-heading-border\"><div class=\"special-heading-inner-border\"><\/div><\/div><\/div><br \/>\n<section  class='av_textblock_section av-av_textblock-2de302bf1aa3cf4c9157dbe6f50ac7eb '   itemscope=\"itemscope\" itemtype=\"https:\/\/schema.org\/CreativeWork\" ><div class='avia_textblock'  itemprop=\"text\" ><p>Produktbroschyr, <a href=\"https:\/\/www.krucom.com\/web\/wp-content\/uploads\/2021\/05\/X-Tray_produktblad_2105.pdf\" target=\"_blank\" rel=\"noopener\">ladda ner PDF<\/a><\/p>\n<\/div><\/section><br \/>\n<div  class='hr av-av_hr-6fd387261dc77950108bad1495a2fe26 hr-short  avia-builder-el-9  el_after_av_textblock  el_before_av_textblock  hr-left'><span class='hr-inner '><span class=\"hr-inner-style\"><\/span><\/span><\/div><br \/>\n<section  class='av_textblock_section av-av_textblock-2de302bf1aa3cf4c9157dbe6f50ac7eb '   itemscope=\"itemscope\" itemtype=\"https:\/\/schema.org\/CreativeWork\" ><div class='avia_textblock'  itemprop=\"text\" ><p>DICOM Conformance Statement, <a href=\"\/web\/wp-content\/uploads\/2019\/02\/DCS_X-Tray_v2_2_0.pdf\">ladda ner PDF<\/a><\/p>\n<\/div><\/section><\/p>\n<\/div><\/div>\n<\/div>\n<div id='av-layout-grid-2'  class='av-layout-grid-container av-av_layout_row-cfe0127874d520b47ed9ff4fcd0165de entry-content-wrapper main_color av-flex-cells  avia-builder-el-11  el_after_av_layout_row  avia-builder-el-last  grid-row-not-first  container_wrap sidebar_right'  >\n\n<style type=\"text\/css\" data-created_by=\"avia_inline_auto\" id=\"style-css-av-av_cell_one_fifth-075a21a2ab1bc7b03d99b0b2072c0c32\">\n.flex_cell.av-av_cell_one_fifth-075a21a2ab1bc7b03d99b0b2072c0c32{\nvertical-align:middle;\nbackground-color:#f4f4f4;\n}\n.responsive #top #wrap_all .flex_cell.av-av_cell_one_fifth-075a21a2ab1bc7b03d99b0b2072c0c32{\npadding:0px 0px 0px 0px !important;\n}\n<\/style>\n<div class='flex_cell av-av_cell_one_fifth-075a21a2ab1bc7b03d99b0b2072c0c32 av-gridrow-cell av_one_fifth no_margin  avia-builder-el-12  el_before_av_cell_three_fifth  avia-builder-el-first  content-align-middle av-zero-padding avia-full-stretch'  ><div class='flex_cell_inner'><\/div><\/div>\n<style type=\"text\/css\" data-created_by=\"avia_inline_auto\" id=\"style-css-av-av_cell_three_fifth-16e86afbbc51f42c23b5c078a394ae5c\">\n.flex_cell.av-av_cell_three_fifth-16e86afbbc51f42c23b5c078a394ae5c{\nvertical-align:top;\n}\n.responsive #top #wrap_all .flex_cell.av-av_cell_three_fifth-16e86afbbc51f42c23b5c078a394ae5c{\npadding:30px 120px 20px 120px !important;\n}\n<\/style>\n<div class='flex_cell av-av_cell_three_fifth-16e86afbbc51f42c23b5c078a394ae5c av-gridrow-cell av_three_fifth no_margin  avia-builder-el-13  el_after_av_cell_one_fifth  el_before_av_cell_one_fifth  content-align-top avia-full-stretch'  ><div class='flex_cell_inner'>\n<style type=\"text\/css\" data-created_by=\"avia_inline_auto\" id=\"style-css-av-av_textblock-09a1ff4df8c367f1dba719e6ee376c7b\">\n#top .av_textblock_section.av-av_textblock-09a1ff4df8c367f1dba719e6ee376c7b .avia_textblock{\nfont-size:14px;\ncolor:#000000;\n}\n<\/style>\n<section  class='av_textblock_section av-av_textblock-09a1ff4df8c367f1dba719e6ee376c7b '   itemscope=\"itemscope\" itemtype=\"https:\/\/schema.org\/CreativeWork\" ><div class='avia_textblock av_inherit_color'  itemprop=\"text\" ><h4 style=\"text-align: left;\">Typiska till\u00e4mpningar<\/h4>\n<ul>\n<li style=\"text-align: left;\">F\u00f6rse bildutrustning med arbetslistor fr\u00e5n valfritt tidboksystem<\/li>\n<li style=\"text-align: left;\">Skapa en gemensam arbetslista fr\u00e5n flera olika tidboksystem<\/li>\n<li style=\"text-align: left;\">Skapa en ad hoc-bokning direkt fr\u00e5n bildutrustningen<\/li>\n<li style=\"text-align: left;\">Avisera patient ID- och namnbyten till medicinska system<\/li>\n<\/ul>\n<\/div><\/section><br \/>\n\n<style type=\"text\/css\" data-created_by=\"avia_inline_auto\" id=\"style-css-av-av_textblock-7f37879d8fa1b232ca6649a2d5d50e8d\">\n#top .av_textblock_section.av-av_textblock-7f37879d8fa1b232ca6649a2d5d50e8d .avia_textblock{\nfont-size:14px;\ncolor:#000000;\n}\n<\/style>\n<section  class='av_textblock_section av-av_textblock-7f37879d8fa1b232ca6649a2d5d50e8d '   itemscope=\"itemscope\" itemtype=\"https:\/\/schema.org\/CreativeWork\" ><div class='avia_textblock av_inherit_color'  itemprop=\"text\" ><h4 style=\"text-align: left;\">Teknik<\/h4>\n<p>Vi vill inte tr\u00f6tta ut dig med tekniksnack. Teknik \u00e4r d\u00e4remot n\u00e5gonting vi gillar och g\u00e4rna pratar mer med dig om utifr\u00e5n din verksamhets f\u00f6ruts\u00e4ttningar och behov.<\/p>\n<ul>\n<li>DICOM Modality Worklist<\/li>\n<li>DICOM Modality Performed Procedure Step (DICOM MPPS)<\/li>\n<li>HL7 (ADT \u2013 ORM \u2013 ORU)<\/li>\n<li>SQL<\/li>\n<li>Web Services<\/li>\n<li>IHE (Integrating the Healthcare Enterprise)<\/li>\n<\/ul>\n<h4>Regulatoriskt<\/h4>\n<ul>\n<li>X-Tray \u00e4r CE-m\u00e4rkt som en klass I produkt enligt medicintekniska f\u00f6rordningen MDR 2017\/745<\/li>\n<\/ul>\n<\/div><\/section><\/p>\n<\/div><\/div>\n<style type=\"text\/css\" data-created_by=\"avia_inline_auto\" id=\"style-css-av-av_cell_one_fifth-6983a18f10ea38e50e0dd825ea4d276e\">\n.flex_cell.av-av_cell_one_fifth-6983a18f10ea38e50e0dd825ea4d276e{\nvertical-align:top;\nbackground-color:#ededed;\n}\n.responsive #top #wrap_all .flex_cell.av-av_cell_one_fifth-6983a18f10ea38e50e0dd825ea4d276e{\npadding:50px 20px 20px 20px !important;\n}\n<\/style>\n<div class='flex_cell av-av_cell_one_fifth-6983a18f10ea38e50e0dd825ea4d276e av-gridrow-cell av_one_fifth no_margin  avia-builder-el-16  el_after_av_cell_three_fifth  avia-builder-el-last  content-align-top'  ><div class='flex_cell_inner'><\/div><\/div><\/div>\n","protected":false},"excerpt":{"rendered":"","protected":false},"author":2,"featured_media":0,"parent":0,"menu_order":0,"comment_status":"closed","ping_status":"closed","template":"","meta":{"footnotes":""},"class_list":["post-961","page","type-page","status-publish","hentry"],"aioseo_notices":[],"_links":{"self":[{"href":"https:\/\/www.krucom.com\/web\/index.php\/wp-json\/wp\/v2\/pages\/961","targetHints":{"allow":["GET"]}}],"collection":[{"href":"https:\/\/www.krucom.com\/web\/index.php\/wp-json\/wp\/v2\/pages"}],"about":[{"href":"https:\/\/www.krucom.com\/web\/index.php\/wp-json\/wp\/v2\/types\/page"}],"author":[{"embeddable":true,"href":"https:\/\/www.krucom.com\/web\/index.php\/wp-json\/wp\/v2\/users\/2"}],"replies":[{"embeddable":true,"href":"https:\/\/www.krucom.com\/web\/index.php\/wp-json\/wp\/v2\/comments?post=961"}],"version-history":[{"count":208,"href":"https:\/\/www.krucom.com\/web\/index.php\/wp-json\/wp\/v2\/pages\/961\/revisions"}],"predecessor-version":[{"id":1738,"href":"https:\/\/www.krucom.com\/web\/index.php\/wp-json\/wp\/v2\/pages\/961\/revisions\/1738"}],"wp:attachment":[{"href":"https:\/\/www.krucom.com\/web\/index.php\/wp-json\/wp\/v2\/media?parent=961"}],"curies":[{"name":"wp","href":"https:\/\/api.w.org\/{rel}","templated":true}]}}