{"id":954,"date":"2016-07-15T14:19:56","date_gmt":"2016-07-15T14:19:56","guid":{"rendered":"http:\/\/test.kriesi.at\/enfold-medical\/?page_id=954"},"modified":"2018-03-28T17:54:31","modified_gmt":"2018-03-28T15:54:31","slug":"kontakt","status":"publish","type":"page","link":"https:\/\/www.krucom.com\/web\/index.php\/kontakt\/","title":{"rendered":"Kontakt"},"content":{"rendered":"<div id='av-layout-grid-1'  class='av-layout-grid-container av-av_layout_row-3d4c19012c8ca1b7095abfb8459b0fd2 entry-content-wrapper main_color av-fixed-cells  avia-builder-el-0  el_before_av_layout_row  avia-builder-el-first   container_wrap sidebar_right'  >\n\n<style type=\"text\/css\" data-created_by=\"avia_inline_auto\" id=\"style-css-av-av_cell_one_third-283ba55eead931efe2c9cdd91bf4c1f6\">\n.flex_cell.av-av_cell_one_third-283ba55eead931efe2c9cdd91bf4c1f6{\nvertical-align:top;\nbackground-color:#c93a2a;\n}\n.responsive #top #wrap_all .flex_cell.av-av_cell_one_third-283ba55eead931efe2c9cdd91bf4c1f6{\npadding:18px 0px 0px 0px !important;\n}\n<\/style>\n<div class='flex_cell av-av_cell_one_third-283ba55eead931efe2c9cdd91bf4c1f6 av-gridrow-cell av_one_third no_margin  avia-builder-el-1  el_before_av_cell_one_third  avia-builder-el-first  content-align-top'  ><div class='flex_cell_inner'><\/div><\/div>\n<style type=\"text\/css\" data-created_by=\"avia_inline_auto\" id=\"style-css-av-av_cell_one_third-fc4025453dbe9da238aeafbdf548ed3b\">\n.flex_cell.av-av_cell_one_third-fc4025453dbe9da238aeafbdf548ed3b{\nvertical-align:top;\nbackground-color:#a82a1c;\n}\n.responsive #top #wrap_all .flex_cell.av-av_cell_one_third-fc4025453dbe9da238aeafbdf548ed3b{\npadding:18px 0px 0px 0px !important;\n}\n<\/style>\n<div class='flex_cell av-av_cell_one_third-fc4025453dbe9da238aeafbdf548ed3b av-gridrow-cell av_one_third no_margin  avia-builder-el-2  el_after_av_cell_one_third  el_before_av_cell_one_third  content-align-top'  ><div class='flex_cell_inner'><\/div><\/div>\n<style type=\"text\/css\" data-created_by=\"avia_inline_auto\" id=\"style-css-av-av_cell_one_third-dcc4c47df11fedc9db09fac67451784f\">\n.flex_cell.av-av_cell_one_third-dcc4c47df11fedc9db09fac67451784f{\nvertical-align:top;\nbackground-color:#930000;\n}\n.responsive #top #wrap_all .flex_cell.av-av_cell_one_third-dcc4c47df11fedc9db09fac67451784f{\npadding:18px 0px 0px 0px !important;\n}\n<\/style>\n<div class='flex_cell av-av_cell_one_third-dcc4c47df11fedc9db09fac67451784f av-gridrow-cell av_one_third no_margin  avia-builder-el-3  el_after_av_cell_one_third  avia-builder-el-last  content-align-top'  ><div class='flex_cell_inner'><\/div><\/div>\n<\/div>\n<div id='av-layout-grid-2'  class='av-layout-grid-container av-av_layout_row-cfe0127874d520b47ed9ff4fcd0165de entry-content-wrapper main_color av-flex-cells  avia-builder-el-4  el_after_av_layout_row  avia-builder-el-last  grid-row-not-first  container_wrap sidebar_right'  >\n\n<style type=\"text\/css\" data-created_by=\"avia_inline_auto\" id=\"style-css-av-av_cell_one_fifth-075a21a2ab1bc7b03d99b0b2072c0c32\">\n.flex_cell.av-av_cell_one_fifth-075a21a2ab1bc7b03d99b0b2072c0c32{\nvertical-align:middle;\nbackground-color:#f4f4f4;\n}\n.responsive #top #wrap_all .flex_cell.av-av_cell_one_fifth-075a21a2ab1bc7b03d99b0b2072c0c32{\npadding:0px 0px 0px 0px !important;\n}\n<\/style>\n<div class='flex_cell av-av_cell_one_fifth-075a21a2ab1bc7b03d99b0b2072c0c32 av-gridrow-cell av_one_fifth no_margin  avia-builder-el-5  el_before_av_cell_three_fifth  avia-builder-el-first  content-align-middle av-zero-padding avia-full-stretch'  ><div class='flex_cell_inner'><\/div><\/div>\n<style type=\"text\/css\" data-created_by=\"avia_inline_auto\" id=\"style-css-av-av_cell_three_fifth-ebc1c7c8ea73900bd9be6435c7a96df6\">\n.flex_cell.av-av_cell_three_fifth-ebc1c7c8ea73900bd9be6435c7a96df6{\nvertical-align:top;\n}\n.responsive #top #wrap_all .flex_cell.av-av_cell_three_fifth-ebc1c7c8ea73900bd9be6435c7a96df6{\npadding:100px 120px 20px 120px !important;\n}\n<\/style>\n<div class='flex_cell av-av_cell_three_fifth-ebc1c7c8ea73900bd9be6435c7a96df6 av-gridrow-cell av_three_fifth no_margin  avia-builder-el-6  el_after_av_cell_one_fifth  el_before_av_cell_one_fifth  content-align-top avia-full-stretch'  ><div class='flex_cell_inner'><p>\n<style type=\"text\/css\" data-created_by=\"avia_inline_auto\" id=\"style-css-av-av_heading-428f61234b68f01684e8dffd68fba200\">\n#top .av-special-heading.av-av_heading-428f61234b68f01684e8dffd68fba200{\npadding-bottom:20px;\nfont-size:34px;\n}\nbody .av-special-heading.av-av_heading-428f61234b68f01684e8dffd68fba200 .av-special-heading-tag .heading-char{\nfont-size:25px;\n}\n#top #wrap_all .av-special-heading.av-av_heading-428f61234b68f01684e8dffd68fba200 .av-special-heading-tag{\nfont-size:34px;\n}\n.av-special-heading.av-av_heading-428f61234b68f01684e8dffd68fba200 .av-subheading{\nfont-size:15px;\n}\n\n@media only screen and (min-width: 480px) and (max-width: 767px){ \n#top #wrap_all .av-special-heading.av-av_heading-428f61234b68f01684e8dffd68fba200 .av-special-heading-tag{\nfont-size:0.8em;\n}\n}\n\n@media only screen and (max-width: 479px){ \n#top #wrap_all .av-special-heading.av-av_heading-428f61234b68f01684e8dffd68fba200 .av-special-heading-tag{\nfont-size:0.8em;\n}\n}\n<\/style>\n<div  class='av-special-heading av-av_heading-428f61234b68f01684e8dffd68fba200 av-special-heading-h3 blockquote modern-quote  avia-builder-el-7  el_before_av_textblock  avia-builder-el-first  av-inherit-size'><h3 class='av-special-heading-tag '  itemprop=\"headline\"  >H\u00e4r n\u00e5r du oss<\/h3><div class=\"special-heading-border\"><div class=\"special-heading-inner-border\"><\/div><\/div><\/div><br \/>\n<section  class='av_textblock_section av-av_textblock-2de302bf1aa3cf4c9157dbe6f50ac7eb '   itemscope=\"itemscope\" itemtype=\"https:\/\/schema.org\/CreativeWork\" ><div class='avia_textblock'  itemprop=\"text\" ><p><strong>BES\u00d6KS- och POSTADRESS<\/strong><br \/>\nKrucom AB<br \/>\nSankt Annegatan 4<br \/>\n223 50 Lund, Sverige<\/p>\n<p><a href=\"https:\/\/www.google.com\/maps\/place\/Krucom+AB\/@55.70568,13.196476,16z\/data=!4m5!3m4!1s0x0:0x463453ed26b75140!8m2!3d55.7056795!4d13.1964758?hl=sv\" target=\"_blank\" rel=\"noopener\">V<strong>isa karta<\/strong><\/a><\/p>\n<p>office(snabel-a)krucom.com<br \/>\n+46 46 37 38 90<\/p>\n<p><strong>KUNDST\u00d6D<\/strong><br \/>\nsupport(snabel-a)krucom.com<\/p>\n<p><strong>Direkt<\/strong><\/p>\n<\/div><\/section><br \/>\n<section  class='avia-team-member av-av_team_member-f5971be9b7b9b6007a703a9c26cc42b5  avia-builder-el-9  el_after_av_textblock  el_before_av_team_member '  itemscope=\"itemscope\" itemtype=\"https:\/\/schema.org\/Person\" ><div class=\"team-img-container\"><img decoding=\"async\" fetchpriority=\"high\" class='wp-image-1671 avia-img-lazy-loading-not-1671 avia_image avia_image_team av-team-img-original' src=\"https:\/\/www.krucom.com\/web\/wp-content\/uploads\/2018\/03\/JK-1-300x206.jpg\" alt='Jonathan Kruger'  itemprop=\"image\"   height=\"206\" width=\"300\" srcset=\"https:\/\/www.krucom.com\/web\/wp-content\/uploads\/2018\/03\/JK-1-300x206.jpg 300w, https:\/\/www.krucom.com\/web\/wp-content\/uploads\/2018\/03\/JK-1-768x527.jpg 768w, https:\/\/www.krucom.com\/web\/wp-content\/uploads\/2018\/03\/JK-1-705x484.jpg 705w, https:\/\/www.krucom.com\/web\/wp-content\/uploads\/2018\/03\/JK-1-450x309.jpg 450w, https:\/\/www.krucom.com\/web\/wp-content\/uploads\/2018\/03\/JK-1.jpg 1000w\" sizes=\"(max-width: 300px) 100vw, 300px\" \/><\/div><h3 class='team-member-name '  itemprop=\"name\" >Jonathan Kruger<\/h3><div class='team-member-job-title '  itemprop=\"jobTitle\" >VD, f\u00f6rs\u00e4ljning<\/div><div class='team-member-description '  itemprop=\"description\" ><p>jonathan.kruger(snabel-a)krucom.com<br \/>\n+46 708 11 72 71<\/p>\n<\/div><span class='hidden team-member-affiliation'  itemprop=\"affiliation\" >Krucom<\/span><\/section><br \/>\n<section  class='avia-team-member av-av_team_member-6fd5e55a9f6af25bf66b26b6379b01c4  avia-builder-el-10  el_after_av_team_member  el_before_av_hr '  itemscope=\"itemscope\" itemtype=\"https:\/\/schema.org\/Person\" ><div class=\"team-img-container\"><img decoding=\"async\" fetchpriority=\"high\" class='wp-image-1672 avia-img-lazy-loading-not-1672 avia_image avia_image_team av-team-img-original' src=\"https:\/\/www.krucom.com\/web\/wp-content\/uploads\/2018\/03\/LK-300x218.jpg\" alt='Lars Kruger'  itemprop=\"image\"   height=\"218\" width=\"300\" srcset=\"https:\/\/www.krucom.com\/web\/wp-content\/uploads\/2018\/03\/LK-300x218.jpg 300w, https:\/\/www.krucom.com\/web\/wp-content\/uploads\/2018\/03\/LK-768x557.jpg 768w, https:\/\/www.krucom.com\/web\/wp-content\/uploads\/2018\/03\/LK-705x511.jpg 705w, https:\/\/www.krucom.com\/web\/wp-content\/uploads\/2018\/03\/LK-450x326.jpg 450w, https:\/\/www.krucom.com\/web\/wp-content\/uploads\/2018\/03\/LK.jpg 1000w\" sizes=\"(max-width: 300px) 100vw, 300px\" \/><\/div><h3 class='team-member-name '  itemprop=\"name\" >Lars Kruger<\/h3><div class='team-member-description '  itemprop=\"description\" ><p>lars.kruger(snabel-a)krucom.com<br \/>\n+46 709 10 50 28<\/p>\n<\/div><span class='hidden team-member-affiliation'  itemprop=\"affiliation\" >Krucom<\/span><\/section><br \/>\n\n<style type=\"text\/css\" data-created_by=\"avia_inline_auto\" id=\"style-css-av-av_hr-373523e22f0366b13a549278f1ad345e\">\n#top .hr.hr-invisible.av-av_hr-373523e22f0366b13a549278f1ad345e{\nheight:10px;\n}\n<\/style>\n<div  class='hr av-av_hr-373523e22f0366b13a549278f1ad345e hr-invisible  avia-builder-el-11  el_after_av_team_member  el_before_av_textblock '><span class='hr-inner '><span class=\"hr-inner-style\"><\/span><\/span><\/div><br \/>\n<section  class='av_textblock_section av-av_textblock-2de302bf1aa3cf4c9157dbe6f50ac7eb '   itemscope=\"itemscope\" itemtype=\"https:\/\/schema.org\/CreativeWork\" ><div class='avia_textblock'  itemprop=\"text\" ><p>Gemensamt f\u00f6r alla verksamheter \u00e4r kravet att varje bild eller journalhandling som arkiveras \u00e4r korrekt, enhetlig och aktuell. Felfria patientuppgifter \u00e4r n\u00f6dv\u00e4ndiga f\u00f6r patients\u00e4kerheten men \u00e4r \u00e4ven viktiga f\u00f6r att information ska vara s\u00f6kbar och l\u00e4ttillg\u00e4nglig.<\/p>\n<p>Ber\u00e4tta hur du vill att din verksamhet ska fungera, vi lyssnar.<\/p>\n<\/div><\/section><\/p>\n<\/div><\/div>\n<style type=\"text\/css\" data-created_by=\"avia_inline_auto\" id=\"style-css-av-av_cell_one_fifth-bcc9fe901664b2e03bf04a3e4b0a2ee7\">\n.flex_cell.av-av_cell_one_fifth-bcc9fe901664b2e03bf04a3e4b0a2ee7{\nvertical-align:top;\nbackground-color:#ededed;\n}\n.responsive #top #wrap_all .flex_cell.av-av_cell_one_fifth-bcc9fe901664b2e03bf04a3e4b0a2ee7{\npadding:80px 20px 20px 20px !important;\n}\n<\/style>\n<div class='flex_cell av-av_cell_one_fifth-bcc9fe901664b2e03bf04a3e4b0a2ee7 av-gridrow-cell av_one_fifth no_margin  avia-builder-el-13  el_after_av_cell_three_fifth  avia-builder-el-last  content-align-top'  ><div class='flex_cell_inner'><\/div><\/div><\/div>\n","protected":false},"excerpt":{"rendered":"","protected":false},"author":2,"featured_media":0,"parent":0,"menu_order":0,"comment_status":"closed","ping_status":"closed","template":"","meta":{"footnotes":""},"class_list":["post-954","page","type-page","status-publish","hentry"],"aioseo_notices":[],"_links":{"self":[{"href":"https:\/\/www.krucom.com\/web\/index.php\/wp-json\/wp\/v2\/pages\/954","targetHints":{"allow":["GET"]}}],"collection":[{"href":"https:\/\/www.krucom.com\/web\/index.php\/wp-json\/wp\/v2\/pages"}],"about":[{"href":"https:\/\/www.krucom.com\/web\/index.php\/wp-json\/wp\/v2\/types\/page"}],"author":[{"embeddable":true,"href":"https:\/\/www.krucom.com\/web\/index.php\/wp-json\/wp\/v2\/users\/2"}],"replies":[{"embeddable":true,"href":"https:\/\/www.krucom.com\/web\/index.php\/wp-json\/wp\/v2\/comments?post=954"}],"version-history":[{"count":56,"href":"https:\/\/www.krucom.com\/web\/index.php\/wp-json\/wp\/v2\/pages\/954\/revisions"}],"predecessor-version":[{"id":1676,"href":"https:\/\/www.krucom.com\/web\/index.php\/wp-json\/wp\/v2\/pages\/954\/revisions\/1676"}],"wp:attachment":[{"href":"https:\/\/www.krucom.com\/web\/index.php\/wp-json\/wp\/v2\/media?parent=954"}],"curies":[{"name":"wp","href":"https:\/\/api.w.org\/{rel}","templated":true}]}}