{"id":950,"date":"2016-07-15T14:19:20","date_gmt":"2016-07-15T14:19:20","guid":{"rendered":"http:\/\/test.kriesi.at\/enfold-medical\/?page_id=950"},"modified":"2018-10-01T15:47:33","modified_gmt":"2018-10-01T13:47:33","slug":"om-oss","status":"publish","type":"page","link":"https:\/\/www.krucom.com\/web\/index.php\/om-oss\/","title":{"rendered":"Om oss"},"content":{"rendered":"<div id='av-layout-grid-1'  class='av-layout-grid-container av-av_layout_row-3d4c19012c8ca1b7095abfb8459b0fd2 entry-content-wrapper main_color av-fixed-cells  avia-builder-el-0  el_before_av_layout_row  avia-builder-el-first   container_wrap sidebar_right'  >\n\n<style type=\"text\/css\" data-created_by=\"avia_inline_auto\" id=\"style-css-av-av_cell_one_third-283ba55eead931efe2c9cdd91bf4c1f6\">\n.flex_cell.av-av_cell_one_third-283ba55eead931efe2c9cdd91bf4c1f6{\nvertical-align:top;\nbackground-color:#c93a2a;\n}\n.responsive #top #wrap_all .flex_cell.av-av_cell_one_third-283ba55eead931efe2c9cdd91bf4c1f6{\npadding:18px 0px 0px 0px !important;\n}\n<\/style>\n<div class='flex_cell av-av_cell_one_third-283ba55eead931efe2c9cdd91bf4c1f6 av-gridrow-cell av_one_third no_margin  avia-builder-el-1  el_before_av_cell_one_third  avia-builder-el-first  content-align-top'  ><div class='flex_cell_inner'><\/div><\/div>\n<style type=\"text\/css\" data-created_by=\"avia_inline_auto\" id=\"style-css-av-av_cell_one_third-fc4025453dbe9da238aeafbdf548ed3b\">\n.flex_cell.av-av_cell_one_third-fc4025453dbe9da238aeafbdf548ed3b{\nvertical-align:top;\nbackground-color:#a82a1c;\n}\n.responsive #top #wrap_all .flex_cell.av-av_cell_one_third-fc4025453dbe9da238aeafbdf548ed3b{\npadding:18px 0px 0px 0px !important;\n}\n<\/style>\n<div class='flex_cell av-av_cell_one_third-fc4025453dbe9da238aeafbdf548ed3b av-gridrow-cell av_one_third no_margin  avia-builder-el-2  el_after_av_cell_one_third  el_before_av_cell_one_third  content-align-top'  ><div class='flex_cell_inner'><\/div><\/div>\n<style type=\"text\/css\" data-created_by=\"avia_inline_auto\" id=\"style-css-av-av_cell_one_third-dcc4c47df11fedc9db09fac67451784f\">\n.flex_cell.av-av_cell_one_third-dcc4c47df11fedc9db09fac67451784f{\nvertical-align:top;\nbackground-color:#930000;\n}\n.responsive #top #wrap_all .flex_cell.av-av_cell_one_third-dcc4c47df11fedc9db09fac67451784f{\npadding:18px 0px 0px 0px !important;\n}\n<\/style>\n<div class='flex_cell av-av_cell_one_third-dcc4c47df11fedc9db09fac67451784f av-gridrow-cell av_one_third no_margin  avia-builder-el-3  el_after_av_cell_one_third  avia-builder-el-last  content-align-top'  ><div class='flex_cell_inner'><\/div><\/div>\n<\/div>\n<div id='av-layout-grid-2'  class='av-layout-grid-container av-av_layout_row-fce4c03def77e6a0346b798040c7e77a entry-content-wrapper main_color av-flex-cells  avia-builder-el-4  el_after_av_layout_row  avia-builder-el-last  grid-row-not-first  container_wrap sidebar_right'  >\n\n<style type=\"text\/css\" data-created_by=\"avia_inline_auto\" id=\"style-css-av-av_cell_one_fifth-382105451461fc7ed6116221982f7925\">\n.flex_cell.av-av_cell_one_fifth-382105451461fc7ed6116221982f7925{\nvertical-align:top;\nbackground-color:#f4f4f4;\n}\n.responsive #top #wrap_all .flex_cell.av-av_cell_one_fifth-382105451461fc7ed6116221982f7925{\npadding:0px 0px 0px 0px !important;\n}\n<\/style>\n<div class='flex_cell av-av_cell_one_fifth-382105451461fc7ed6116221982f7925 av-gridrow-cell av_one_fifth no_margin  avia-builder-el-5  el_before_av_cell_three_fifth  avia-builder-el-first  content-align-top av-zero-padding avia-full-stretch'  ><div class='flex_cell_inner'><\/div><\/div>\n<style type=\"text\/css\" data-created_by=\"avia_inline_auto\" id=\"style-css-av-av_cell_three_fifth-11abbd7dce24014d0589044e5983f6f3\">\n.flex_cell.av-av_cell_three_fifth-11abbd7dce24014d0589044e5983f6f3{\nvertical-align:top;\n}\n.responsive #top #wrap_all .flex_cell.av-av_cell_three_fifth-11abbd7dce24014d0589044e5983f6f3{\npadding:100px 120px 120px 120px !important;\n}\n<\/style>\n<div class='flex_cell av-av_cell_three_fifth-11abbd7dce24014d0589044e5983f6f3 av-gridrow-cell av_three_fifth no_margin  avia-builder-el-6  el_after_av_cell_one_fifth  el_before_av_cell_one_fifth  content-align-top avia-full-stretch'  ><div class='flex_cell_inner'><p>\n<style type=\"text\/css\" data-created_by=\"avia_inline_auto\" id=\"style-css-av-av_textblock-db5dde9675208a83c8a349965dacba38\">\n#top .av_textblock_section.av-av_textblock-db5dde9675208a83c8a349965dacba38 .avia_textblock{\nfont-size:16px;\ncolor:#000000;\n}\n<\/style>\n<section  class='av_textblock_section av-av_textblock-db5dde9675208a83c8a349965dacba38 '   itemscope=\"itemscope\" itemtype=\"https:\/\/schema.org\/CreativeWork\" ><div class='avia_textblock av_inherit_color'  itemprop=\"text\" ><p>\u201cVi vill g\u00f6ra v\u00e5rden b\u00e4ttre, inte genom att introducera fler system, utan att f\u00e5 dem som finns att fungera tillsammans.\u201d<\/p>\n<p><em>Krucom \u2013 Medicinsk IT sedan 1993<\/em><\/p>\n<\/div><\/section><br \/>\n\n<style type=\"text\/css\" data-created_by=\"avia_inline_auto\" id=\"style-css-av-av_image-ef42a6b60093361d1efc43b956ab3fab\">\n.avia-image-container.av-av_image-ef42a6b60093361d1efc43b956ab3fab img.avia_image{\nbox-shadow:none;\n}\n.avia-image-container.av-av_image-ef42a6b60093361d1efc43b956ab3fab .av-image-caption-overlay-center{\ncolor:#ffffff;\n}\n<\/style>\n<div  class='avia-image-container av-av_image-ef42a6b60093361d1efc43b956ab3fab av-styling- avia-align-left  avia-builder-el-8  el_after_av_textblock  el_before_av_textblock '   itemprop=\"image\" itemscope=\"itemscope\" itemtype=\"https:\/\/schema.org\/ImageObject\" ><div class=\"avia-image-container-inner\"><div class=\"avia-image-overlay-wrap\"><img decoding=\"async\" fetchpriority=\"high\" class='wp-image-1387 avia-img-lazy-loading-not-1387 avia_image ' src=\"https:\/\/www.krucom.com\/web\/wp-content\/uploads\/2016\/07\/luiggande.jpg\" alt='' title='Krucom, Jonathan Kruger och Lars Kruger'  height=\"639\" width=\"1590\"  itemprop=\"thumbnailUrl\" srcset=\"https:\/\/www.krucom.com\/web\/wp-content\/uploads\/2016\/07\/luiggande.jpg 1590w, https:\/\/www.krucom.com\/web\/wp-content\/uploads\/2016\/07\/luiggande-300x120.jpg 300w, https:\/\/www.krucom.com\/web\/wp-content\/uploads\/2016\/07\/luiggande-1030x413.jpg 1030w, https:\/\/www.krucom.com\/web\/wp-content\/uploads\/2016\/07\/luiggande-1500x602.jpg 1500w, https:\/\/www.krucom.com\/web\/wp-content\/uploads\/2016\/07\/luiggande-705x283.jpg 705w, https:\/\/www.krucom.com\/web\/wp-content\/uploads\/2016\/07\/luiggande-450x180.jpg 450w\" sizes=\"(max-width: 1590px) 100vw, 1590px\" \/><\/div><\/div><\/div><br \/>\n\n<style type=\"text\/css\" data-created_by=\"avia_inline_auto\" id=\"style-css-av-av_textblock-8e5bdedebac81bcd937ed355ccd26d60\">\n#top .av_textblock_section.av-av_textblock-8e5bdedebac81bcd937ed355ccd26d60 .avia_textblock{\ncolor:#000000;\n}\n<\/style>\n<section  class='av_textblock_section av-av_textblock-8e5bdedebac81bcd937ed355ccd26d60 '   itemscope=\"itemscope\" itemtype=\"https:\/\/schema.org\/CreativeWork\" ><div class='avia_textblock av_inherit_color'  itemprop=\"text\" ><p>Jonathan Kruger, VD och grundare och Lars Kruger, grundare<\/p>\n<\/div><\/section><br \/>\n<div  class='hr av-av_hr-7baa9936fe5691b53f4ae1c79d4cc23f hr-short  avia-builder-el-10  el_after_av_textblock  el_before_av_textblock  hr-left'><span class='hr-inner '><span class=\"hr-inner-style\"><\/span><\/span><\/div><br \/>\n\n<style type=\"text\/css\" data-created_by=\"avia_inline_auto\" id=\"style-css-av-av_textblock-09a1ff4df8c367f1dba719e6ee376c7b\">\n#top .av_textblock_section.av-av_textblock-09a1ff4df8c367f1dba719e6ee376c7b .avia_textblock{\nfont-size:14px;\ncolor:#000000;\n}\n<\/style>\n<section  class='av_textblock_section av-av_textblock-09a1ff4df8c367f1dba719e6ee376c7b '   itemscope=\"itemscope\" itemtype=\"https:\/\/schema.org\/CreativeWork\" ><div class='avia_textblock av_inherit_color'  itemprop=\"text\" ><p><strong>KRUCOMs m\u00e5ls\u00e4ttning<\/strong> \u00e4r att produkterna ska vara s\u00e5 osynliga som m\u00f6jligt f\u00f6r anv\u00e4ndarna. V\u00e5rdpersonalen ska slippa l\u00e4ra sig nya handgrepp, hitta i nya menyer eller v\u00e4nja sig vid nya gr\u00e4nssnitt. F\u00f6r f\u00f6retagets grundare, br\u00f6derna Jonathan och Lars Kruger, kom insikterna om teknikens betydelse och begr\u00e4nsningar tidigt.<\/p>\n<p><strong>P\u00e5 pappans arbete som tekniker p\u00e5 r\u00f6ntgenavdelningen<\/strong> p\u00e5 universitetssjukhuset i Lund fick intresset f\u00f6r teknik och tekniska problem sitt utlopp. De blev v\u00e4l hemmastadda i Radiologens verkstad d\u00e4r de meckade med trasiga och utrangerade apparater.<\/p>\n<p><strong>Samtidigt gav mammans arbete som sjuksk\u00f6terska<\/strong> en inblick i och f\u00f6rst\u00e5else f\u00f6r v\u00e5rdens m\u00e4nskliga villkor. S\u00e5 n\u00e4r br\u00f6derna s\u00e5 sm\u00e5ningom erbj\u00f6ds m\u00f6jlighet att sj\u00e4lva arbeta med medicinsk informationsteknik hade de en grundl\u00e4ggande f\u00f6rst\u00e5else f\u00f6r samspelet mellan m\u00e4nniska och maskin.<\/p>\n<p>P\u00e5 LTH i Lund studerade Jonathan Teknisk Fysik i kombination med ekonomi och Lars valde Maskinteknik. 1993 n\u00e4r digitaliseringen b\u00f6rjade ta fart p\u00e5 allvar var de redo att l\u00f6sa sitt f\u00f6rsta problem: en ny r\u00f6ntgenutrustning d\u00e4r det p\u00e5stods vara om\u00f6jligt att mata in patientdata!<\/p>\n<\/div><\/section><\/p>\n<\/div><\/div>\n<style type=\"text\/css\" data-created_by=\"avia_inline_auto\" id=\"style-css-av-av_cell_one_fifth-3be50228dc5695cf3ebceb900a5d974c\">\n.flex_cell.av-av_cell_one_fifth-3be50228dc5695cf3ebceb900a5d974c{\nvertical-align:top;\nbackground-color:#ededed;\n}\n.responsive #top #wrap_all .flex_cell.av-av_cell_one_fifth-3be50228dc5695cf3ebceb900a5d974c{\npadding:30px 30px 30px 30px !important;\n}\n<\/style>\n<div class='flex_cell av-av_cell_one_fifth-3be50228dc5695cf3ebceb900a5d974c av-gridrow-cell av_one_fifth no_margin  avia-builder-el-12  el_after_av_cell_three_fifth  avia-builder-el-last  content-align-top'  ><div class='flex_cell_inner'><p><div  class='hr av-av_hr-7baa9936fe5691b53f4ae1c79d4cc23f hr-short  avia-builder-el-13  el_before_av_textblock  avia-builder-el-first  hr-left'><span class='hr-inner '><span class=\"hr-inner-style\"><\/span><\/span><\/div><br \/>\n\n<style type=\"text\/css\" data-created_by=\"avia_inline_auto\" id=\"style-css-av-av_textblock-f3a6f8fb0a46e5c04afc02717ff8c191\">\n#top .av_textblock_section.av-av_textblock-f3a6f8fb0a46e5c04afc02717ff8c191 .avia_textblock{\nfont-size:20px;\ncolor:#545454;\n}\n<\/style>\n<section  class='av_textblock_section av-av_textblock-f3a6f8fb0a46e5c04afc02717ff8c191 '   itemscope=\"itemscope\" itemtype=\"https:\/\/schema.org\/CreativeWork\" ><div class='avia_textblock av_inherit_color'  itemprop=\"text\" ><p>&#8220;Enbart teknik \u2013 hur komplex och avancerad den \u00e4n \u00e4r \u2013 kan inte \u00e5stadkomma underverk. Men m\u00e4nniskor kan, med lite hj\u00e4lp av tekniken.&#8221;<\/p>\n<\/div><\/section><br \/>\n<div  class='hr av-av_hr-7baa9936fe5691b53f4ae1c79d4cc23f hr-short  avia-builder-el-15  el_after_av_textblock  avia-builder-el-last  hr-left'><span class='hr-inner '><span class=\"hr-inner-style\"><\/span><\/span><\/div><\/p>\n<\/div><\/div><\/div>\n","protected":false},"excerpt":{"rendered":"","protected":false},"author":2,"featured_media":0,"parent":0,"menu_order":0,"comment_status":"closed","ping_status":"closed","template":"","meta":{"footnotes":""},"class_list":["post-950","page","type-page","status-publish","hentry"],"aioseo_notices":[],"_links":{"self":[{"href":"https:\/\/www.krucom.com\/web\/index.php\/wp-json\/wp\/v2\/pages\/950","targetHints":{"allow":["GET"]}}],"collection":[{"href":"https:\/\/www.krucom.com\/web\/index.php\/wp-json\/wp\/v2\/pages"}],"about":[{"href":"https:\/\/www.krucom.com\/web\/index.php\/wp-json\/wp\/v2\/types\/page"}],"author":[{"embeddable":true,"href":"https:\/\/www.krucom.com\/web\/index.php\/wp-json\/wp\/v2\/users\/2"}],"replies":[{"embeddable":true,"href":"https:\/\/www.krucom.com\/web\/index.php\/wp-json\/wp\/v2\/comments?post=950"}],"version-history":[{"count":121,"href":"https:\/\/www.krucom.com\/web\/index.php\/wp-json\/wp\/v2\/pages\/950\/revisions"}],"predecessor-version":[{"id":1768,"href":"https:\/\/www.krucom.com\/web\/index.php\/wp-json\/wp\/v2\/pages\/950\/revisions\/1768"}],"wp:attachment":[{"href":"https:\/\/www.krucom.com\/web\/index.php\/wp-json\/wp\/v2\/media?parent=950"}],"curies":[{"name":"wp","href":"https:\/\/api.w.org\/{rel}","templated":true}]}}