{"id":330,"date":"2016-02-29T13:10:37","date_gmt":"2016-02-29T12:10:37","guid":{"rendered":"http:\/\/test.kriesi.at\/travel\/?page_id=2"},"modified":"2026-03-31T11:20:10","modified_gmt":"2026-03-31T09:20:10","slug":"start","status":"publish","type":"page","link":"https:\/\/www.krucom.com\/web\/","title":{"rendered":"Start"},"content":{"rendered":"<div id='av-layout-grid-1'  class='av-layout-grid-container av-av_layout_row-3d4c19012c8ca1b7095abfb8459b0fd2 entry-content-wrapper main_color av-fixed-cells  avia-builder-el-0  el_before_av_layerslider  avia-builder-el-first   container_wrap sidebar_right'  >\n\n<style type=\"text\/css\" data-created_by=\"avia_inline_auto\" id=\"style-css-av-av_cell_one_third-4937927d46ed277019a67ca197ff590c\">\n.flex_cell.av-av_cell_one_third-4937927d46ed277019a67ca197ff590c{\nvertical-align:top;\nbackground-color:#d1d1d1;\n}\n.responsive #top #wrap_all .flex_cell.av-av_cell_one_third-4937927d46ed277019a67ca197ff590c{\npadding:9px 0px 0px 0px !important;\n}\n<\/style>\n<div class='flex_cell av-av_cell_one_third-4937927d46ed277019a67ca197ff590c av-gridrow-cell av_one_third no_margin  avia-builder-el-1  el_before_av_cell_one_third  avia-builder-el-first  content-align-top'  ><div class='flex_cell_inner'><\/div><\/div>\n<style type=\"text\/css\" data-created_by=\"avia_inline_auto\" id=\"style-css-av-av_cell_one_third-de443471e19be8872dfccbecc7d2cee9\">\n.flex_cell.av-av_cell_one_third-de443471e19be8872dfccbecc7d2cee9{\nvertical-align:top;\nbackground-color:#969696;\n}\n.responsive #top #wrap_all .flex_cell.av-av_cell_one_third-de443471e19be8872dfccbecc7d2cee9{\npadding:9px 0px 0px 0px !important;\n}\n<\/style>\n<div class='flex_cell av-av_cell_one_third-de443471e19be8872dfccbecc7d2cee9 av-gridrow-cell av_one_third no_margin  avia-builder-el-2  el_after_av_cell_one_third  el_before_av_cell_one_third  content-align-top'  ><div class='flex_cell_inner'><\/div><\/div>\n<style type=\"text\/css\" data-created_by=\"avia_inline_auto\" id=\"style-css-av-av_cell_one_third-e37e2c330991fb6fec008e70c3632b1f\">\n.flex_cell.av-av_cell_one_third-e37e2c330991fb6fec008e70c3632b1f{\nvertical-align:top;\nbackground-color:#5e5e5e;\n}\n.responsive #top #wrap_all .flex_cell.av-av_cell_one_third-e37e2c330991fb6fec008e70c3632b1f{\npadding:9px 0px 0px 0px !important;\n}\n<\/style>\n<div class='flex_cell av-av_cell_one_third-e37e2c330991fb6fec008e70c3632b1f av-gridrow-cell av_one_third no_margin  avia-builder-el-3  el_after_av_cell_one_third  avia-builder-el-last  content-align-top'  ><div class='flex_cell_inner'><\/div><\/div>\n<\/div>\n<div id='layer_slider_1'  class='avia-layerslider main_color avia-shadow  avia-builder-el-4  el_after_av_layout_row  el_before_av_layout_row  slider-not-first container_wrap sidebar_right'  style='height: 501px;'  ><\/div>\n<div id='av-layout-grid-2'  class='av-layout-grid-container av-av_layout_row-fce4c03def77e6a0346b798040c7e77a entry-content-wrapper main_color av-flex-cells  avia-builder-el-5  el_after_av_layerslider  avia-builder-el-last  grid-row-not-first  container_wrap sidebar_right'  >\n\n<style type=\"text\/css\" data-created_by=\"avia_inline_auto\" id=\"style-css-av-av_cell_one_third-93ae7d79ea6032b17a09883f62802bbd\">\n.flex_cell.av-av_cell_one_third-93ae7d79ea6032b17a09883f62802bbd{\nvertical-align:top;\nbackground-color:#c93a2a;\n}\n.responsive #top #wrap_all .flex_cell.av-av_cell_one_third-93ae7d79ea6032b17a09883f62802bbd{\npadding:30px 30px 30px 70px !important;\n}\n<\/style>\n<div class='flex_cell av-av_cell_one_third-93ae7d79ea6032b17a09883f62802bbd av-gridrow-cell av_one_third no_margin  avia-builder-el-6  el_before_av_cell_one_third  avia-builder-el-first  content-align-top'  ><div class='flex_cell_inner'><p>\n<style type=\"text\/css\" data-created_by=\"avia_inline_auto\" id=\"style-css-av-av_hr-a6de236e6c183bbbd700292deacd2b52\">\n#top .hr.hr-invisible.av-av_hr-a6de236e6c183bbbd700292deacd2b52{\nheight:20px;\n}\n<\/style>\n<div  class='hr av-av_hr-a6de236e6c183bbbd700292deacd2b52 hr-invisible  avia-builder-el-7  el_before_av_textblock  avia-builder-el-first '><span class='hr-inner '><span class=\"hr-inner-style\"><\/span><\/span><\/div><br \/>\n\n<style type=\"text\/css\" data-created_by=\"avia_inline_auto\" id=\"style-css-av-av_textblock-0495ba487d93331d0a255e1072a23468\">\n#top .av_textblock_section.av-av_textblock-0495ba487d93331d0a255e1072a23468 .avia_textblock{\ncolor:#ffffff;\n}\n<\/style>\n<section  class='av_textblock_section av-av_textblock-0495ba487d93331d0a255e1072a23468 '   itemscope=\"itemscope\" itemtype=\"https:\/\/schema.org\/CreativeWork\" ><div class='avia_textblock av_inherit_color'  itemprop=\"text\" ><h4 style=\"text-align: left;\">VILKA VI \u00c4R<\/h4>\n<p style=\"text-align: left;\">Krucom \u00e4r specialiserat p\u00e5 medicinsk IT med fokus p\u00e5 anv\u00e4ndaren. Vi knyter ihop IT-system och medicinska bildsystem. <a title=\"Om oss\" href=\"https:\/\/www.krucom.com\/web\/index.php\/om-oss\/\">L\u00c4S MER<\/a><\/p>\n<\/div><\/section><\/p>\n<\/div><\/div>\n<style type=\"text\/css\" data-created_by=\"avia_inline_auto\" id=\"style-css-av-av_cell_one_third-6f6f192977119e1c7940ae3e5ab94c1c\">\n.flex_cell.av-av_cell_one_third-6f6f192977119e1c7940ae3e5ab94c1c{\nvertical-align:top;\nbackground-color:#a82a1c;\n}\n.responsive #top #wrap_all .flex_cell.av-av_cell_one_third-6f6f192977119e1c7940ae3e5ab94c1c{\npadding:30px 30px 30px 70px !important;\n}\n<\/style>\n<div class='flex_cell av-av_cell_one_third-6f6f192977119e1c7940ae3e5ab94c1c av-gridrow-cell av_one_third no_margin  avia-builder-el-9  el_after_av_cell_one_third  el_before_av_cell_one_third  content-align-top'  ><div class='flex_cell_inner'><p>\n<style type=\"text\/css\" data-created_by=\"avia_inline_auto\" id=\"style-css-av-av_hr-a6de236e6c183bbbd700292deacd2b52\">\n#top .hr.hr-invisible.av-av_hr-a6de236e6c183bbbd700292deacd2b52{\nheight:20px;\n}\n<\/style>\n<div  class='hr av-av_hr-a6de236e6c183bbbd700292deacd2b52 hr-invisible  avia-builder-el-10  el_before_av_textblock  avia-builder-el-first '><span class='hr-inner '><span class=\"hr-inner-style\"><\/span><\/span><\/div><br \/>\n\n<style type=\"text\/css\" data-created_by=\"avia_inline_auto\" id=\"style-css-av-av_textblock-0495ba487d93331d0a255e1072a23468\">\n#top .av_textblock_section.av-av_textblock-0495ba487d93331d0a255e1072a23468 .avia_textblock{\ncolor:#ffffff;\n}\n<\/style>\n<section  class='av_textblock_section av-av_textblock-0495ba487d93331d0a255e1072a23468 '   itemscope=\"itemscope\" itemtype=\"https:\/\/schema.org\/CreativeWork\" ><div class='avia_textblock av_inherit_color'  itemprop=\"text\" ><h4 style=\"text-align: left;\">VAD VI G\u00d6R<\/h4>\n<p style=\"text-align: left;\">Vi vill g\u00f6ra v\u00e5rden b\u00e4ttre, inte genom att introducera fler system, utan att f\u00e5 dem som finns att fungera tillsammans. <a title=\"Produkt\" href=\"https:\/\/www.krucom.com\/web\/index.php\/produkt\/\">L\u00c4S MER<\/a><\/p>\n<\/div><\/section><\/p>\n<\/div><\/div>\n<style type=\"text\/css\" data-created_by=\"avia_inline_auto\" id=\"style-css-av-av_cell_one_third-0697eae26188a9b65d7282fecd526eae\">\n.flex_cell.av-av_cell_one_third-0697eae26188a9b65d7282fecd526eae{\nvertical-align:top;\nbackground-color:#930000;\n}\n.responsive #top #wrap_all .flex_cell.av-av_cell_one_third-0697eae26188a9b65d7282fecd526eae{\npadding:30px 30px 30px 70px !important;\n}\n<\/style>\n<div class='flex_cell av-av_cell_one_third-0697eae26188a9b65d7282fecd526eae av-gridrow-cell av_one_third no_margin  avia-builder-el-12  el_after_av_cell_one_third  avia-builder-el-last  content-align-top'  ><div class='flex_cell_inner'><p>\n<style type=\"text\/css\" data-created_by=\"avia_inline_auto\" id=\"style-css-av-av_hr-a6de236e6c183bbbd700292deacd2b52\">\n#top .hr.hr-invisible.av-av_hr-a6de236e6c183bbbd700292deacd2b52{\nheight:20px;\n}\n<\/style>\n<div  class='hr av-av_hr-a6de236e6c183bbbd700292deacd2b52 hr-invisible  avia-builder-el-13  el_before_av_textblock  avia-builder-el-first '><span class='hr-inner '><span class=\"hr-inner-style\"><\/span><\/span><\/div><br \/>\n\n<style type=\"text\/css\" data-created_by=\"avia_inline_auto\" id=\"style-css-av-av_textblock-dd2387397296c1a314b0b5f4a3f918a3\">\n#top .av_textblock_section.av-av_textblock-dd2387397296c1a314b0b5f4a3f918a3 .avia_textblock{\ncolor:#ffffff;\n}\n<\/style>\n<section  class='av_textblock_section av-av_textblock-dd2387397296c1a314b0b5f4a3f918a3 '   itemscope=\"itemscope\" itemtype=\"https:\/\/schema.org\/CreativeWork\" ><div class='avia_textblock av_inherit_color'  itemprop=\"text\" ><\/div><\/section><\/p>\n<\/div><\/div><\/div>\n","protected":false},"excerpt":{"rendered":"","protected":false},"author":2,"featured_media":0,"parent":0,"menu_order":0,"comment_status":"closed","ping_status":"closed","template":"","meta":{"footnotes":""},"class_list":["post-330","page","type-page","status-publish","hentry"],"aioseo_notices":[],"_links":{"self":[{"href":"https:\/\/www.krucom.com\/web\/index.php\/wp-json\/wp\/v2\/pages\/330","targetHints":{"allow":["GET"]}}],"collection":[{"href":"https:\/\/www.krucom.com\/web\/index.php\/wp-json\/wp\/v2\/pages"}],"about":[{"href":"https:\/\/www.krucom.com\/web\/index.php\/wp-json\/wp\/v2\/types\/page"}],"author":[{"embeddable":true,"href":"https:\/\/www.krucom.com\/web\/index.php\/wp-json\/wp\/v2\/users\/2"}],"replies":[{"embeddable":true,"href":"https:\/\/www.krucom.com\/web\/index.php\/wp-json\/wp\/v2\/comments?post=330"}],"version-history":[{"count":68,"href":"https:\/\/www.krucom.com\/web\/index.php\/wp-json\/wp\/v2\/pages\/330\/revisions"}],"predecessor-version":[{"id":1783,"href":"https:\/\/www.krucom.com\/web\/index.php\/wp-json\/wp\/v2\/pages\/330\/revisions\/1783"}],"wp:attachment":[{"href":"https:\/\/www.krucom.com\/web\/index.php\/wp-json\/wp\/v2\/media?parent=330"}],"curies":[{"name":"wp","href":"https:\/\/api.w.org\/{rel}","templated":true}]}}